{"id":113,"date":"2022-08-18T07:19:43","date_gmt":"2022-08-18T07:19:43","guid":{"rendered":"http:\/\/fotiutiallatorvos.hu\/?page_id=113"},"modified":"2022-08-18T07:19:43","modified_gmt":"2022-08-18T07:19:43","slug":"vizsgalatok","status":"publish","type":"page","link":"http:\/\/fotiutiallatorvos.hu\/?page_id=113","title":{"rendered":"Vizsg\u00e1latok"},"content":{"rendered":"\n<table id=\"tablepress-1\" class=\"tablepress tablepress-id-1\">\n<thead>\n<tr class=\"row-1\">\n\t<td class=\"column-1\"><\/td><th class=\"column-2\">Vizsg\u00e1lat<\/th><th class=\"column-3\">Ut\u00f3kezel\u00e9s<\/th>\n<\/tr>\n<\/thead>\n<tbody class=\"row-striping row-hover\">\n<tr class=\"row-2\">\n\t<td class=\"column-1\">Kutya, macska, g\u00f6r\u00e9ny, ny\u00fal<\/td><td class=\"column-2\">15 500 Ft<\/td><td class=\"column-3\">9 000 Ft<\/td>\n<\/tr>\n<tr class=\"row-3\">\n\t<td class=\"column-1\">R\u00e1gcs\u00e1l\u00f3, kis\u00e1llat<\/td><td class=\"column-2\">10 000 Ft<\/td><td class=\"column-3\">6 000 Ft<\/td>\n<\/tr>\n<\/tbody>\n<\/table>\n<!-- #tablepress-1 from cache -->\n","protected":false},"excerpt":{"rendered":"","protected":false},"author":1,"featured_media":0,"parent":0,"menu_order":0,"comment_status":"closed","ping_status":"closed","template":"","meta":{"footnotes":""},"class_list":["post-113","page","type-page","status-publish","hentry"],"jetpack_sharing_enabled":true,"_links":{"self":[{"href":"http:\/\/fotiutiallatorvos.hu\/index.php?rest_route=\/wp\/v2\/pages\/113","targetHints":{"allow":["GET"]}}],"collection":[{"href":"http:\/\/fotiutiallatorvos.hu\/index.php?rest_route=\/wp\/v2\/pages"}],"about":[{"href":"http:\/\/fotiutiallatorvos.hu\/index.php?rest_route=\/wp\/v2\/types\/page"}],"author":[{"embeddable":true,"href":"http:\/\/fotiutiallatorvos.hu\/index.php?rest_route=\/wp\/v2\/users\/1"}],"replies":[{"embeddable":true,"href":"http:\/\/fotiutiallatorvos.hu\/index.php?rest_route=%2Fwp%2Fv2%2Fcomments&post=113"}],"version-history":[{"count":1,"href":"http:\/\/fotiutiallatorvos.hu\/index.php?rest_route=\/wp\/v2\/pages\/113\/revisions"}],"predecessor-version":[{"id":114,"href":"http:\/\/fotiutiallatorvos.hu\/index.php?rest_route=\/wp\/v2\/pages\/113\/revisions\/114"}],"wp:attachment":[{"href":"http:\/\/fotiutiallatorvos.hu\/index.php?rest_route=%2Fwp%2Fv2%2Fmedia&parent=113"}],"curies":[{"name":"wp","href":"https:\/\/api.w.org\/{rel}","templated":true}]}}