{"id":115,"date":"2022-08-18T07:20:01","date_gmt":"2022-08-18T07:20:01","guid":{"rendered":"http:\/\/fotiutiallatorvos.hu\/?page_id=115"},"modified":"2022-08-18T07:20:01","modified_gmt":"2022-08-18T07:20:01","slug":"mutetek","status":"publish","type":"page","link":"http:\/\/fotiutiallatorvos.hu\/?page_id=115","title":{"rendered":"M\u0171t\u00e9tek"},"content":{"rendered":"\n<table id=\"tablepress-3\" class=\"tablepress tablepress-id-3\">\n<thead>\n<tr class=\"row-1\">\n\t<th class=\"column-1\">M\u0171t\u00e9tek<\/th><th colspan=\"2\" class=\"column-2\">Kutya<\/th><th colspan=\"2\" class=\"column-4\">Macska<\/th>\n<\/tr>\n<\/thead>\n<tbody class=\"row-striping row-hover\">\n<tr class=\"row-2\">\n\t<td class=\"column-1\"><\/td><td class=\"column-2\">H\u00edm<br \/>\n(kan)<\/td><td class=\"column-3\">N\u0151st\u00e9ny <br \/>\n(szuka)<\/td><td class=\"column-4\">H\u00edm<br \/>\n(kand\u00far)<\/td><td class=\"column-5\">N\u0151st\u00e9ny<\/td>\n<\/tr>\n<tr class=\"row-3\">\n\t<td class=\"column-1\">Ivartalan\u00edt\u00e1s<\/td><td class=\"column-2\"><\/td><td class=\"column-3\"><\/td><td class=\"column-4\"><\/td><td class=\"column-5\"><\/td>\n<\/tr>\n<tr class=\"row-4\">\n\t<td class=\"column-1\">    10 kg alatt<\/td><td class=\"column-2\">50 000 Ft<\/td><td class=\"column-3\">55 000 Ft<\/td><td class=\"column-4\"><\/td><td class=\"column-5\"><\/td>\n<\/tr>\n<tr class=\"row-5\">\n\t<td class=\"column-1\">    10-30 kg<\/td><td class=\"column-2\">55 000 Ft<\/td><td class=\"column-3\">65 000 Ft<\/td><td class=\"column-4\">20 000 Ft<\/td><td class=\"column-5\">31 000 Ft<\/td>\n<\/tr>\n<tr class=\"row-6\">\n\t<td class=\"column-1\">    30 kg felett<\/td><td class=\"column-2\">60 000 Ft<\/td><td class=\"column-3\">70 000 Ft<\/td><td class=\"column-4\"><\/td><td class=\"column-5\"><\/td>\n<\/tr>\n<tr class=\"row-7\">\n\t<td class=\"column-1\">Cs\u00e1sz\u00e1rmetsz\u00e9s<\/td><td class=\"column-2\"><\/td><td class=\"column-3\">80 000 Ft-t\u00f3l<\/td><td class=\"column-4\"><\/td><td class=\"column-5\">55 000 Ft-t\u00f3l<\/td>\n<\/tr>\n<tr class=\"row-8\">\n\t<td class=\"column-1\">Ivartalan\u00edt\u00e1s<br \/>\n+ Eml\u0151l\u00e9c elt\u00e1vol\u00edt\u00e1s<\/td><td class=\"column-2\"><\/td><td class=\"column-3\">80 000 Ft-t\u00f3l<\/td><td class=\"column-4\"><\/td><td class=\"column-5\">60 000 Ft-t\u00f3l<\/td>\n<\/tr>\n<tr class=\"row-9\">\n\t<td class=\"column-1\">Gyomorcsavar<\/td><td class=\"column-2\"><\/td><td class=\"column-3\">130 000 Ft-t\u00f3l<\/td><td class=\"column-4\"><\/td><td class=\"column-5\"><\/td>\n<\/tr>\n<tr class=\"row-10\">\n\t<td class=\"column-1\">Gyomorcsavar + pexia<\/td><td class=\"column-2\"><\/td><td class=\"column-3\">130 000 Ft<br \/>\n+ 20 000 Ft-t\u00f3l<\/td><td class=\"column-4\"><\/td><td class=\"column-5\"><\/td>\n<\/tr>\n<tr class=\"row-11\">\n\t<td class=\"column-1\">K\u00f6ld\u00f6ks\u00e9rv<\/td><td class=\"column-2\"><\/td><td class=\"column-3\">50 000 Ft-t\u00f3l<\/td><td class=\"column-4\"><\/td><td class=\"column-5\">30 000 Ft-t\u00f3l<\/td>\n<\/tr>\n<tr class=\"row-12\">\n\t<td class=\"column-1\">Othaematoma<\/td><td class=\"column-2\"><\/td><td class=\"column-3\">50 000 Ft<\/td><td class=\"column-4\"><\/td><td class=\"column-5\"><\/td>\n<\/tr>\n<tr class=\"row-13\">\n\t<td class=\"column-1\">B\u00e9l-, gyomormetsz\u00e9s<\/td><td class=\"column-2\"><\/td><td class=\"column-3\">80 000 Ft-t\u00f3l<\/td><td class=\"column-4\"><\/td><td class=\"column-5\">60 000 Ft-t\u00f3l<\/td>\n<\/tr>\n<tr class=\"row-14\">\n\t<td class=\"column-1\">Sebvarr\u00e1s<\/td><td class=\"column-2\"><\/td><td class=\"column-3\">25 000 Ft-t\u00f3l<\/td><td class=\"column-4\"><\/td><td class=\"column-5\">25 000 Ft-t\u00f3l<\/td>\n<\/tr>\n<\/tbody>\n<\/table>\n<!-- #tablepress-3 from cache -->\n","protected":false},"excerpt":{"rendered":"","protected":false},"author":1,"featured_media":0,"parent":0,"menu_order":0,"comment_status":"closed","ping_status":"closed","template":"","meta":{"footnotes":""},"class_list":["post-115","page","type-page","status-publish","hentry"],"jetpack_sharing_enabled":true,"_links":{"self":[{"href":"http:\/\/fotiutiallatorvos.hu\/index.php?rest_route=\/wp\/v2\/pages\/115","targetHints":{"allow":["GET"]}}],"collection":[{"href":"http:\/\/fotiutiallatorvos.hu\/index.php?rest_route=\/wp\/v2\/pages"}],"about":[{"href":"http:\/\/fotiutiallatorvos.hu\/index.php?rest_route=\/wp\/v2\/types\/page"}],"author":[{"embeddable":true,"href":"http:\/\/fotiutiallatorvos.hu\/index.php?rest_route=\/wp\/v2\/users\/1"}],"replies":[{"embeddable":true,"href":"http:\/\/fotiutiallatorvos.hu\/index.php?rest_route=%2Fwp%2Fv2%2Fcomments&post=115"}],"version-history":[{"count":1,"href":"http:\/\/fotiutiallatorvos.hu\/index.php?rest_route=\/wp\/v2\/pages\/115\/revisions"}],"predecessor-version":[{"id":116,"href":"http:\/\/fotiutiallatorvos.hu\/index.php?rest_route=\/wp\/v2\/pages\/115\/revisions\/116"}],"wp:attachment":[{"href":"http:\/\/fotiutiallatorvos.hu\/index.php?rest_route=%2Fwp%2Fv2%2Fmedia&parent=115"}],"curies":[{"name":"wp","href":"https:\/\/api.w.org\/{rel}","templated":true}]}}