{"id":122,"date":"2022-08-18T07:23:16","date_gmt":"2022-08-18T07:23:16","guid":{"rendered":"http:\/\/fotiutiallatorvos.hu\/?page_id=122"},"modified":"2022-08-18T07:26:34","modified_gmt":"2022-08-18T07:26:34","slug":"egyeb-szolgaltatasok","status":"publish","type":"page","link":"http:\/\/fotiutiallatorvos.hu\/?page_id=122","title":{"rendered":"Egy\u00e9b szolg\u00e1ltat\u00e1sok"},"content":{"rendered":"\n<table id=\"tablepress-4\" class=\"tablepress tablepress-id-4 tbody-has-connected-cells\">\n<thead>\n<tr class=\"row-1\">\n\t<th colspan=\"2\" class=\"column-1\">Egy\u00e9b szolg\u00e1ltat\u00e1sok<\/th>\n<\/tr>\n<\/thead>\n<tbody class=\"row-striping row-hover\">\n<tr class=\"row-2\">\n\t<td class=\"column-1\"><\/td><td class=\"column-2\"><\/td>\n<\/tr>\n<tr class=\"row-3\">\n\t<td class=\"column-1\">Inf\u00fazi\u00f3s kezel\u00e9s<\/td><td class=\"column-2\">12 000 Ft-t\u00f3l<\/td>\n<\/tr>\n<tr class=\"row-4\">\n\t<td class=\"column-1\">Mikrochip behelyez\u00e9s<\/td><td class=\"column-2\">11 000 Ft<\/td>\n<\/tr>\n<tr class=\"row-5\">\n\t<td class=\"column-1\">\u00datlev\u00e9l ki\u00e1ll\u00edt\u00e1sa<\/td><td class=\"column-2\">20 000 Ft<\/td>\n<\/tr>\n<tr class=\"row-6\">\n\t<td class=\"column-1\"><\/td><td class=\"column-2\"><\/td>\n<\/tr>\n<tr class=\"row-7\">\n\t<td class=\"column-1\">F\u00fcltiszt\u00edt\u00e1s<\/td><td class=\"column-2\">4 000 Ft<\/td>\n<\/tr>\n<tr class=\"row-8\">\n\t<td class=\"column-1\">Karomv\u00e1g\u00e1s<\/td><td class=\"column-2\">4 000 Ft<\/td>\n<\/tr>\n<tr class=\"row-9\">\n\t<td class=\"column-1\">B\u0171zmirigy k\u00e9zi tiszt\u00edt\u00e1s<\/td><td class=\"column-2\">4 000 Ft<\/td>\n<\/tr>\n<tr class=\"row-10\">\n\t<td class=\"column-1\">B\u0171zmirigy gy\u00f3gyszeres felt\u00f6lt\u00e9se<\/td><td class=\"column-2\">10 000 Ft<\/td>\n<\/tr>\n<tr class=\"row-11\">\n\t<td class=\"column-1\"><\/td><td class=\"column-2\"><\/td>\n<\/tr>\n<tr class=\"row-12\">\n\t<td class=\"column-1\">Kan\u00fcl behelyez\u00e9se<\/td><td class=\"column-2\">3 500 Ft<\/td>\n<\/tr>\n<tr class=\"row-13\">\n\t<td class=\"column-1\">V\u00e9rcukorm\u00e9r\u00e9s<\/td><td class=\"column-2\">3 000 Ft<\/td>\n<\/tr>\n<tr class=\"row-14\">\n\t<td class=\"column-1\">B\u00f3d\u00edt\u00e1s<\/td><td class=\"column-2\">6 000 - 10 000 Ft<\/td>\n<\/tr>\n<tr class=\"row-15\">\n\t<td class=\"column-1\">Minta laborba sz\u00e1ll\u00edt\u00e1sa<\/td><td class=\"column-2\">4 000 Ft<\/td>\n<\/tr>\n<tr class=\"row-16\">\n\t<td class=\"column-1\">Mesters\u00e9ges term\u00e9keny\u00edt\u00e9s<\/td><td class=\"column-2\">20 000 Ft<\/td>\n<\/tr>\n<tr class=\"row-17\">\n\t<td class=\"column-1\">Ultrahangos vizsg\u00e1lat<\/td><td class=\"column-2\">18 000 Ft-t\u00f3l<\/td>\n<\/tr>\n<tr class=\"row-18\">\n\t<td class=\"column-1\">R\u00f6ntgenfelv\u00e9tel<\/td><td class=\"column-2\">18 000 Ft<br \/>\n+ 5 000 Ft\/tov\u00e1bbi felv\u00e9tel<\/td>\n<\/tr>\n<tr class=\"row-19\">\n\t<td class=\"column-1\"><\/td><td class=\"column-2\"><\/td>\n<\/tr>\n<tr class=\"row-20\">\n\t<td colspan=\"2\" class=\"column-1\">Euthanasia<\/td>\n<\/tr>\n<tr class=\"row-21\">\n\t<td class=\"column-1\">    10 kg alatt<\/td><td class=\"column-2\">18 000 Ft<\/td>\n<\/tr>\n<tr class=\"row-22\">\n\t<td class=\"column-1\">    10-20 kg k\u00f6zt<\/td><td class=\"column-2\">20 000 Ft<\/td>\n<\/tr>\n<tr class=\"row-23\">\n\t<td class=\"column-1\">    20 kg felett<\/td><td class=\"column-2\">22 000 Ft-t\u00f3l<\/td>\n<\/tr>\n<tr class=\"row-24\">\n\t<td class=\"column-1\">Hulla elsz\u00e1ll\u00edt\u00e1sa<\/td><td class=\"column-2\">15 000 Ft-30 000 Ft<\/td>\n<\/tr>\n<tr class=\"row-25\">\n\t<td class=\"column-1\"><\/td><td class=\"column-2\"><\/td>\n<\/tr>\n<tr class=\"row-26\">\n\t<td class=\"column-1\">Kisz\u00e1ll\u00e1si d\u00edj<\/td><td class=\"column-2\"><\/td>\n<\/tr>\n<tr class=\"row-27\">\n\t<td class=\"column-1\">Dunakeszi, F\u00f3t<\/td><td class=\"column-2\">6 000 Ft<\/td>\n<\/tr>\n<tr class=\"row-28\">\n\t<td class=\"column-1\">Mogyor\u00f3d, Szada, G\u00f6d, Veresegyh\u00e1z<\/td><td class=\"column-2\">9 000 Ft<\/td>\n<\/tr>\n<\/tbody>\n<\/table>\n<!-- #tablepress-4 from cache -->\n","protected":false},"excerpt":{"rendered":"","protected":false},"author":1,"featured_media":0,"parent":0,"menu_order":0,"comment_status":"closed","ping_status":"closed","template":"","meta":{"footnotes":""},"class_list":["post-122","page","type-page","status-publish","hentry"],"jetpack_sharing_enabled":true,"_links":{"self":[{"href":"http:\/\/fotiutiallatorvos.hu\/index.php?rest_route=\/wp\/v2\/pages\/122","targetHints":{"allow":["GET"]}}],"collection":[{"href":"http:\/\/fotiutiallatorvos.hu\/index.php?rest_route=\/wp\/v2\/pages"}],"about":[{"href":"http:\/\/fotiutiallatorvos.hu\/index.php?rest_route=\/wp\/v2\/types\/page"}],"author":[{"embeddable":true,"href":"http:\/\/fotiutiallatorvos.hu\/index.php?rest_route=\/wp\/v2\/users\/1"}],"replies":[{"embeddable":true,"href":"http:\/\/fotiutiallatorvos.hu\/index.php?rest_route=%2Fwp%2Fv2%2Fcomments&post=122"}],"version-history":[{"count":3,"href":"http:\/\/fotiutiallatorvos.hu\/index.php?rest_route=\/wp\/v2\/pages\/122\/revisions"}],"predecessor-version":[{"id":127,"href":"http:\/\/fotiutiallatorvos.hu\/index.php?rest_route=\/wp\/v2\/pages\/122\/revisions\/127"}],"wp:attachment":[{"href":"http:\/\/fotiutiallatorvos.hu\/index.php?rest_route=%2Fwp%2Fv2%2Fmedia&parent=122"}],"curies":[{"name":"wp","href":"https:\/\/api.w.org\/{rel}","templated":true}]}}