{"id":26,"date":"2022-08-15T17:51:55","date_gmt":"2022-08-15T17:51:55","guid":{"rendered":"http:\/\/fotiutiallatorvos.hu\/?page_id=26"},"modified":"2022-08-16T06:49:06","modified_gmt":"2022-08-16T06:49:06","slug":"kapcsolat","status":"publish","type":"page","link":"http:\/\/fotiutiallatorvos.hu\/?page_id=26","title":{"rendered":"Kapcsolat"},"content":{"rendered":"\n<p><\/p>\n\n\n\n<figure class=\"wp-block-image size-large\"><img loading=\"lazy\" decoding=\"async\" width=\"1024\" height=\"576\" src=\"http:\/\/fotiutiallatorvos.hu\/wp-content\/uploads\/2022\/08\/utcakep-1024x576.jpeg\" alt=\"\" class=\"wp-image-56\" srcset=\"http:\/\/fotiutiallatorvos.hu\/wp-content\/uploads\/2022\/08\/utcakep-1024x576.jpeg 1024w, http:\/\/fotiutiallatorvos.hu\/wp-content\/uploads\/2022\/08\/utcakep-300x169.jpeg 300w, http:\/\/fotiutiallatorvos.hu\/wp-content\/uploads\/2022\/08\/utcakep-768x432.jpeg 768w, http:\/\/fotiutiallatorvos.hu\/wp-content\/uploads\/2022\/08\/utcakep-600x338.jpeg 600w, http:\/\/fotiutiallatorvos.hu\/wp-content\/uploads\/2022\/08\/utcakep-945x532.jpeg 945w, http:\/\/fotiutiallatorvos.hu\/wp-content\/uploads\/2022\/08\/utcakep.jpeg 1280w\" sizes=\"auto, (max-width: 1024px) 100vw, 1024px\" \/><\/figure>\n\n\n\n<p><\/p>\n\n\n\n<p><strong>F\u00f3ti \u00fati \u00c1llatorvosi Rendel\u0151<\/strong><br>Dunakeszi<br>F\u00f3ti \u00fat 71.<br>2120<br>Telefon: <strong>+36 30 456 3254<\/strong><\/p>\n\n\n\n<iframe src=\"https:\/\/www.google.com\/maps\/embed?pb=!1m18!1m12!1m3!1d2689.0476093022876!2d19.1554036!3d47.625205799999996!2m3!1f0!2f0!3f0!3m2!1i1024!2i768!4f13.1!3m3!1m2!1s0x4741d102c12c536d%3A0x32f2a158b3f5f5ef!2zRHVuYWtlc3ppLCBGw7N0aSDDunQgNzEsIDIxMjA!5e0!3m2!1shu!2shu!4v1660586488202!5m2!1shu!2shu\" style=\"border:0;\" allowfullscreen=\"\" loading=\"lazy\" referrerpolicy=\"no-referrer-when-downgrade\" width=\"400\" height=\"300\"><\/iframe>\n","protected":false},"excerpt":{"rendered":"<p>F\u00f3ti \u00fati \u00c1llatorvosi Rendel\u0151DunakesziF\u00f3ti \u00fat 71.2120Telefon: +36 30 456 3254<\/p>\n","protected":false},"author":1,"featured_media":0,"parent":0,"menu_order":0,"comment_status":"closed","ping_status":"closed","template":"","meta":{"footnotes":""},"class_list":["post-26","page","type-page","status-publish","hentry"],"jetpack_sharing_enabled":true,"_links":{"self":[{"href":"http:\/\/fotiutiallatorvos.hu\/index.php?rest_route=\/wp\/v2\/pages\/26","targetHints":{"allow":["GET"]}}],"collection":[{"href":"http:\/\/fotiutiallatorvos.hu\/index.php?rest_route=\/wp\/v2\/pages"}],"about":[{"href":"http:\/\/fotiutiallatorvos.hu\/index.php?rest_route=\/wp\/v2\/types\/page"}],"author":[{"embeddable":true,"href":"http:\/\/fotiutiallatorvos.hu\/index.php?rest_route=\/wp\/v2\/users\/1"}],"replies":[{"embeddable":true,"href":"http:\/\/fotiutiallatorvos.hu\/index.php?rest_route=%2Fwp%2Fv2%2Fcomments&post=26"}],"version-history":[{"count":6,"href":"http:\/\/fotiutiallatorvos.hu\/index.php?rest_route=\/wp\/v2\/pages\/26\/revisions"}],"predecessor-version":[{"id":57,"href":"http:\/\/fotiutiallatorvos.hu\/index.php?rest_route=\/wp\/v2\/pages\/26\/revisions\/57"}],"wp:attachment":[{"href":"http:\/\/fotiutiallatorvos.hu\/index.php?rest_route=%2Fwp%2Fv2%2Fmedia&parent=26"}],"curies":[{"name":"wp","href":"https:\/\/api.w.org\/{rel}","templated":true}]}}