{"id":28,"date":"2022-08-15T17:53:00","date_gmt":"2022-08-15T17:53:00","guid":{"rendered":"http:\/\/fotiutiallatorvos.hu\/?page_id=28"},"modified":"2026-01-14T16:15:58","modified_gmt":"2026-01-14T15:15:58","slug":"allatorvosi-szolgaltatasok","status":"publish","type":"page","link":"http:\/\/fotiutiallatorvos.hu\/?page_id=28","title":{"rendered":"\u00c1llatorvosi szolg\u00e1ltat\u00e1sok"},"content":{"rendered":"\n<ul class=\"wp-block-list\">\n<li>ambul\u00e1ns betegell\u00e1t\u00e1s<\/li>\n\n\n\n<li>seb\u00e9szeti beavatkoz\u00e1sok<\/li>\n\n\n\n<li>veszetts\u00e9g \u00e9s egy\u00e9b fert\u0151z\u0151 betegs\u00e9gek elleni v\u00e9d\u0151olt\u00e1sok<\/li>\n\n\n\n<li>laborvizsg\u00e1latok<\/li>\n\n\n\n<li>parazitamentes\u00edt\u00e9s<\/li>\n\n\n\n<li>\u00e1llat\u00fatlev\u00e9l<\/li>\n\n\n\n<li>mikrochip be\u00fcltet\u00e9s<\/li>\n\n\n\n<li>mesters\u00e9ges term\u00e9keny\u00edt\u00e9s<\/li>\n\n\n\n<li>r\u00f6ntgendiagnosztika<\/li>\n\n\n\n<li>betegell\u00e1t\u00e1s h\u00e1zn\u00e1l \u2013 \u201c<a href=\"http:\/\/fotiutiallatorvos.hu\/?page_id=135\" data-type=\"page\" data-id=\"135\">\u00e1llatorvos h\u00e1zhoz j\u00f6n<\/a>\u201d<\/li>\n<\/ul>\n","protected":false},"excerpt":{"rendered":"","protected":false},"author":1,"featured_media":0,"parent":0,"menu_order":0,"comment_status":"closed","ping_status":"closed","template":"","meta":{"footnotes":""},"class_list":["post-28","page","type-page","status-publish","hentry"],"jetpack_sharing_enabled":true,"_links":{"self":[{"href":"http:\/\/fotiutiallatorvos.hu\/index.php?rest_route=\/wp\/v2\/pages\/28","targetHints":{"allow":["GET"]}}],"collection":[{"href":"http:\/\/fotiutiallatorvos.hu\/index.php?rest_route=\/wp\/v2\/pages"}],"about":[{"href":"http:\/\/fotiutiallatorvos.hu\/index.php?rest_route=\/wp\/v2\/types\/page"}],"author":[{"embeddable":true,"href":"http:\/\/fotiutiallatorvos.hu\/index.php?rest_route=\/wp\/v2\/users\/1"}],"replies":[{"embeddable":true,"href":"http:\/\/fotiutiallatorvos.hu\/index.php?rest_route=%2Fwp%2Fv2%2Fcomments&post=28"}],"version-history":[{"count":3,"href":"http:\/\/fotiutiallatorvos.hu\/index.php?rest_route=\/wp\/v2\/pages\/28\/revisions"}],"predecessor-version":[{"id":229,"href":"http:\/\/fotiutiallatorvos.hu\/index.php?rest_route=\/wp\/v2\/pages\/28\/revisions\/229"}],"wp:attachment":[{"href":"http:\/\/fotiutiallatorvos.hu\/index.php?rest_route=%2Fwp%2Fv2%2Fmedia&parent=28"}],"curies":[{"name":"wp","href":"https:\/\/api.w.org\/{rel}","templated":true}]}}