{"id":65,"date":"2022-08-17T09:20:43","date_gmt":"2022-08-17T09:20:43","guid":{"rendered":"http:\/\/fotiutiallatorvos.hu\/?page_id=65"},"modified":"2022-08-18T07:56:42","modified_gmt":"2022-08-18T07:56:42","slug":"arlista","status":"publish","type":"page","link":"http:\/\/fotiutiallatorvos.hu\/?page_id=65","title":{"rendered":"\u00c1rlista"},"content":{"rendered":"\n<p>K\u00e9rj\u00fck v\u00e1lasszon az \u00c1rlista men\u00fcb\u0151l. <\/p>\n\n\n\n<p class=\"has-dark-gray-color has-text-color\"><strong><em>Az \u00e1rak t\u00e1j\u00e9koztat\u00f3 jelleg\u0171ek, a v\u00e1ltoztat\u00e1s jog\u00e1t fenntartjuk. Jelen \u00f6sszegek az \u00e1f\u00e1t tartalmazz\u00e1k.<\/em><\/strong><\/p>\n\n\n\n<p><\/p>\n","protected":false},"excerpt":{"rendered":"<p>K\u00e9rj\u00fck v\u00e1lasszon az \u00c1rlista men\u00fcb\u0151l. Az \u00e1rak t\u00e1j\u00e9koztat\u00f3 jelleg\u0171ek, a v\u00e1ltoztat\u00e1s jog\u00e1t fenntartjuk. Jelen \u00f6sszegek az \u00e1f\u00e1t tartalmazz\u00e1k.<\/p>\n","protected":false},"author":2,"featured_media":0,"parent":0,"menu_order":0,"comment_status":"closed","ping_status":"closed","template":"","meta":{"footnotes":""},"class_list":["post-65","page","type-page","status-publish","hentry"],"jetpack_sharing_enabled":true,"_links":{"self":[{"href":"http:\/\/fotiutiallatorvos.hu\/index.php?rest_route=\/wp\/v2\/pages\/65","targetHints":{"allow":["GET"]}}],"collection":[{"href":"http:\/\/fotiutiallatorvos.hu\/index.php?rest_route=\/wp\/v2\/pages"}],"about":[{"href":"http:\/\/fotiutiallatorvos.hu\/index.php?rest_route=\/wp\/v2\/types\/page"}],"author":[{"embeddable":true,"href":"http:\/\/fotiutiallatorvos.hu\/index.php?rest_route=\/wp\/v2\/users\/2"}],"replies":[{"embeddable":true,"href":"http:\/\/fotiutiallatorvos.hu\/index.php?rest_route=%2Fwp%2Fv2%2Fcomments&post=65"}],"version-history":[{"count":7,"href":"http:\/\/fotiutiallatorvos.hu\/index.php?rest_route=\/wp\/v2\/pages\/65\/revisions"}],"predecessor-version":[{"id":132,"href":"http:\/\/fotiutiallatorvos.hu\/index.php?rest_route=\/wp\/v2\/pages\/65\/revisions\/132"}],"wp:attachment":[{"href":"http:\/\/fotiutiallatorvos.hu\/index.php?rest_route=%2Fwp%2Fv2%2Fmedia&parent=65"}],"curies":[{"name":"wp","href":"https:\/\/api.w.org\/{rel}","templated":true}]}}