{"id":89,"date":"2022-08-18T07:16:12","date_gmt":"2022-08-18T07:16:12","guid":{"rendered":"http:\/\/fotiutiallatorvos.hu\/?page_id=89"},"modified":"2022-08-18T07:19:21","modified_gmt":"2022-08-18T07:19:21","slug":"oltasok","status":"publish","type":"page","link":"http:\/\/fotiutiallatorvos.hu\/?page_id=89","title":{"rendered":"Olt\u00e1sok"},"content":{"rendered":"\n<table id=\"tablepress-2\" class=\"tablepress tablepress-id-2\">\n<thead>\n<tr class=\"row-1\">\n\t<th class=\"column-1\">Olt\u00e1sok<\/th><th class=\"column-2\">Kutya<\/th><th class=\"column-3\">Macska<\/th><th class=\"column-4\">Ny\u00fal<\/th>\n<\/tr>\n<\/thead>\n<tbody class=\"row-striping row-hover\">\n<tr class=\"row-2\">\n\t<td class=\"column-1\">Veszetts\u00e9g<\/td><td class=\"column-2\">12 000 Ft<\/td><td class=\"column-3\">12 000 Ft<\/td><td class=\"column-4\"><\/td>\n<\/tr>\n<tr class=\"row-3\">\n\t<td class=\"column-1\">Parvo<\/td><td class=\"column-2\">14 000 Ft<\/td><td class=\"column-3\"><\/td><td class=\"column-4\"><\/td>\n<\/tr>\n<tr class=\"row-4\">\n\t<td class=\"column-1\">Kombin\u00e1lt<\/td><td class=\"column-2\">14 000 Ft<\/td><td class=\"column-3\">14 000 Ft<\/td><td class=\"column-4\">16 800 Ft<\/td>\n<\/tr>\n<tr class=\"row-5\">\n\t<td class=\"column-1\">Kombin\u00e1lt + Veszetts\u00e9g<\/td><td class=\"column-2\">20 000 Ft<\/td><td class=\"column-3\">20 000 Ft<\/td><td class=\"column-4\"><\/td>\n<\/tr>\n<tr class=\"row-6\">\n\t<td class=\"column-1\">Lyme<\/td><td class=\"column-2\">20 000 Ft<\/td><td class=\"column-3\"><\/td><td class=\"column-4\"><\/td>\n<\/tr>\n<tr class=\"row-7\">\n\t<td class=\"column-1\">Kennel k\u00f6h\u00f6g\u00e9s<\/td><td class=\"column-2\">16 800 Ft<\/td><td class=\"column-3\"><\/td><td class=\"column-4\"><\/td>\n<\/tr>\n<tr class=\"row-8\">\n\t<td class=\"column-1\">Leuk\u00f3zis<\/td><td class=\"column-2\"><\/td><td class=\"column-3\">16 000 Ft<\/td><td class=\"column-4\"><\/td>\n<\/tr>\n<tr class=\"row-9\">\n\t<td class=\"column-1\">Kombin\u00e1lt + Leuk\u00f3zis<\/td><td class=\"column-2\"><\/td><td class=\"column-3\">21 500 Ft<\/td><td class=\"column-4\"><\/td>\n<\/tr>\n<tr class=\"row-10\">\n\t<td class=\"column-1\">Mikrosp\u00f3rum<\/td><td class=\"column-2\"><\/td><td class=\"column-3\">25 000 Ft<\/td><td class=\"column-4\"><\/td>\n<\/tr>\n<\/tbody>\n<\/table>\n<!-- #tablepress-2 from cache -->\n","protected":false},"excerpt":{"rendered":"","protected":false},"author":1,"featured_media":0,"parent":0,"menu_order":0,"comment_status":"closed","ping_status":"closed","template":"","meta":{"footnotes":""},"class_list":["post-89","page","type-page","status-publish","hentry"],"jetpack_sharing_enabled":true,"_links":{"self":[{"href":"http:\/\/fotiutiallatorvos.hu\/index.php?rest_route=\/wp\/v2\/pages\/89","targetHints":{"allow":["GET"]}}],"collection":[{"href":"http:\/\/fotiutiallatorvos.hu\/index.php?rest_route=\/wp\/v2\/pages"}],"about":[{"href":"http:\/\/fotiutiallatorvos.hu\/index.php?rest_route=\/wp\/v2\/types\/page"}],"author":[{"embeddable":true,"href":"http:\/\/fotiutiallatorvos.hu\/index.php?rest_route=\/wp\/v2\/users\/1"}],"replies":[{"embeddable":true,"href":"http:\/\/fotiutiallatorvos.hu\/index.php?rest_route=%2Fwp%2Fv2%2Fcomments&post=89"}],"version-history":[{"count":2,"href":"http:\/\/fotiutiallatorvos.hu\/index.php?rest_route=\/wp\/v2\/pages\/89\/revisions"}],"predecessor-version":[{"id":112,"href":"http:\/\/fotiutiallatorvos.hu\/index.php?rest_route=\/wp\/v2\/pages\/89\/revisions\/112"}],"wp:attachment":[{"href":"http:\/\/fotiutiallatorvos.hu\/index.php?rest_route=%2Fwp%2Fv2%2Fmedia&parent=89"}],"curies":[{"name":"wp","href":"https:\/\/api.w.org\/{rel}","templated":true}]}}